{"id":2419,"date":"2021-12-01T13:08:08","date_gmt":"2021-12-01T11:08:08","guid":{"rendered":"https:\/\/www.nettipuhelinkauppa.fi\/?page_id=2419"},"modified":"2023-04-27T09:05:26","modified_gmt":"2023-04-27T07:05:26","slug":"puhelimia","status":"publish","type":"page","link":"https:\/\/www.perustele.fi\/index.php\/puhelimia\/","title":{"rendered":"PUHELIMIA"},"content":{"rendered":"<section class=\"wpb-content-wrapper\"><p>[vc_row][vc_column width=&#8221;1\/3&#8243;][vc_column_text]<img loading=\"lazy\" decoding=\"async\" class=\"alignnone size-medium wp-image-2379\" src=\"https:\/\/www.perustele.fi\/wp-content\/uploads\/2021\/11\/gxp2170_ext-300x182.png\" alt=\"\" width=\"300\" height=\"182\" srcset=\"https:\/\/www.perustele.fi\/wp-content\/uploads\/2021\/11\/gxp2170_ext-300x182.png 300w, https:\/\/www.perustele.fi\/wp-content\/uploads\/2021\/11\/gxp2170_ext-1024x622.png 1024w, https:\/\/www.perustele.fi\/wp-content\/uploads\/2021\/11\/gxp2170_ext-768x467.png 768w, https:\/\/www.perustele.fi\/wp-content\/uploads\/2021\/11\/gxp2170_ext-1536x934.png 1536w, https:\/\/www.perustele.fi\/wp-content\/uploads\/2021\/11\/gxp2170_ext-1320x802.png 1320w, https:\/\/www.perustele.fi\/wp-content\/uploads\/2021\/11\/gxp2170_ext-600x365.png 600w, https:\/\/www.perustele.fi\/wp-content\/uploads\/2021\/11\/gxp2170_ext.png 1632w\" sizes=\"auto, (max-width: 300px) 100vw, 300px\" \/><\/p>\n<p>Valitse laajasta valikoimastamme sinulle sopiva p\u00f6yt\u00e4puhelin.<\/p>\n<p>GXP-puhelimia on sek\u00e4 pieneen k\u00e4ytt\u00f6\u00f6n ett\u00e4 suurille puhem\u00e4\u00e4rille<a href=\"https:\/\/www.perustele.fi\/index.php\/peruspuhelimet\/\">.Lue lis\u00e4\u00e4&#8230;<\/a>[\/vc_column_text][\/vc_column][vc_column width=&#8221;1\/3&#8243;][vc_column_text]<img loading=\"lazy\" decoding=\"async\" class=\"alignnone size-medium wp-image-2422\" src=\"https:\/\/www.perustele.fi\/wp-content\/uploads\/2021\/12\/dp752_combo_web-300x300.webp\" alt=\"\" width=\"300\" height=\"300\" \/>Hy\u00f6dynn\u00e4 liikuvuutta uusilla langattomilla Dect-puhelimilla. Voit liitt\u00e4\u00e4 yhteen tukiasemaan useampia puhelimia. <a href=\"https:\/\/www.perustele.fi\/index.php\/dect-puhelimet\/\">Lue lis\u00e4\u00e4&#8230;<\/a>[\/vc_column_text][\/vc_column][vc_column width=&#8221;1\/3&#8243;][vc_column_text]<img loading=\"lazy\" decoding=\"async\" class=\"alignnone size-medium wp-image-2423\" src=\"https:\/\/www.perustele.fi\/wp-content\/uploads\/2021\/12\/GXV3380_k-300x222.png\" alt=\"\" width=\"300\" height=\"222\" srcset=\"https:\/\/www.perustele.fi\/wp-content\/uploads\/2021\/12\/GXV3380_k-300x222.png 300w, https:\/\/www.perustele.fi\/wp-content\/uploads\/2021\/12\/GXV3380_k-1024x758.png 1024w, https:\/\/www.perustele.fi\/wp-content\/uploads\/2021\/12\/GXV3380_k-768x568.png 768w, https:\/\/www.perustele.fi\/wp-content\/uploads\/2021\/12\/GXV3380_k-1536x1136.png 1536w, https:\/\/www.perustele.fi\/wp-content\/uploads\/2021\/12\/GXV3380_k-2048x1515.png 2048w, https:\/\/www.perustele.fi\/wp-content\/uploads\/2021\/12\/GXV3380_k-1320x977.png 1320w, https:\/\/www.perustele.fi\/wp-content\/uploads\/2021\/12\/GXV3380_k-600x444.png 600w\" sizes=\"auto, (max-width: 300px) 100vw, 300px\" \/><\/p>\n<p>Tutustu uusiin Android-videopuhelimiimme.<\/p>\n<p>K\u00e4ytt\u00e4j\u00e4t voivat nauttia tehokkaasta multimediakokemuksesta n\u00e4ill\u00e4 huippuluokan videopuhelimilla. <a href=\"https:\/\/www.perustele.fi\/index.php\/videopuhelimet\/\">Lue lis\u00e4\u00e4&#8230;<\/a>[\/vc_column_text][\/vc_column][\/vc_row][vc_row][vc_column width=&#8221;1\/3&#8243;][vc_column_text]<img loading=\"lazy\" decoding=\"async\" class=\"alignnone size-full wp-image-2403\" src=\"https:\/\/www.perustele.fi\/wp-content\/uploads\/2019\/06\/iPhone-Android_1.jpg\" alt=\"3CX-appi\" width=\"200\" height=\"272\" \/><\/p>\n<p>H\u00f6ydynn\u00e4 olemassaolevaa mobiililaitettasi ja liit\u00e4 se osaksi puhelinj\u00e4rjestelm\u00e4\u00e4si. Lue lis\u00e4\u00e4&#8230;[\/vc_column_text][\/vc_column][vc_column width=&#8221;1\/3&#8243;][vc_column_text]<img loading=\"lazy\" decoding=\"async\" class=\"alignnone wp-image-2442 size-medium\" src=\"https:\/\/www.perustele.fi\/wp-content\/uploads\/2013\/06\/WP820-155x300.png\" alt=\"\" width=\"155\" height=\"300\" \/><\/p>\n<p>Saat uuttaa liikkuvuutta k\u00e4ytt\u00e4m\u00e4ll\u00e4 wifi-puhelimia, jotka roamaavat tukiasemasta toiseen, kuten mobiilipuhelimet. <a href=\"https:\/\/www.perustele.fi\/index.php\/wifi-puhelimet\/\">Lue lis\u00e4\u00e4&#8230;<\/a>[\/vc_column_text][\/vc_column][vc_column width=&#8221;1\/3&#8243;][vc_column_text]<img loading=\"lazy\" decoding=\"async\" class=\"alignnone size-medium wp-image-2467\" src=\"https:\/\/www.perustele.fi\/wp-content\/uploads\/2021\/12\/ht801-300x200.png\" alt=\"\" width=\"300\" height=\"200\" srcset=\"https:\/\/www.perustele.fi\/wp-content\/uploads\/2021\/12\/ht801-300x200.png 300w, https:\/\/www.perustele.fi\/wp-content\/uploads\/2021\/12\/ht801-1024x683.png 1024w, https:\/\/www.perustele.fi\/wp-content\/uploads\/2021\/12\/ht801-768x512.png 768w, https:\/\/www.perustele.fi\/wp-content\/uploads\/2021\/12\/ht801-1536x1024.png 1536w, https:\/\/www.perustele.fi\/wp-content\/uploads\/2021\/12\/ht801-2048x1365.png 2048w, https:\/\/www.perustele.fi\/wp-content\/uploads\/2021\/12\/ht801-1320x880.png 1320w, https:\/\/www.perustele.fi\/wp-content\/uploads\/2021\/12\/ht801-600x400.png 600w\" sizes=\"auto, (max-width: 300px) 100vw, 300px\" \/><\/p>\n<p>Integroi yksitt\u00e4iset analogiset puhelimet koti- tai toimistoymp\u00e4rist\u00f6\u00f6n n\u00e4ill\u00e4 helppok\u00e4ytt\u00f6isill\u00e4 ratkaisuilla.<\/p>\n<p>Voit liitt\u00e4\u00e4 tavallisen puhelimen ATA-sovittimeen puhelinjohdolla, pituus voi olla jopa 1 km. Sopii my\u00f6s s\u00e4hk\u00f6herkille. <a href=\"https:\/\/www.perustele.fi\/index.php\/ata-sovittimet\/\">Lue lis\u00e4\u00e4\u2026<\/a>[\/vc_column_text][\/vc_column][\/vc_row]<\/p>\n<\/section>","protected":false},"excerpt":{"rendered":"<p>[vc_row][vc_column width=&#8221;1\/3&#8243;][vc_column_text] Valitse laajasta valikoimastamme sinulle sopiva p\u00f6yt\u00e4puhelin. GXP-puhelimia on sek\u00e4 pieneen k\u00e4ytt\u00f6\u00f6n ett\u00e4 suurille puhem\u00e4\u00e4rille.Lue lis\u00e4\u00e4&#8230;[\/vc_column_text][\/vc_column][vc_column width=&#8221;1\/3&#8243;][vc_column_text]Hy\u00f6dynn\u00e4 liikuvuutta uusilla langattomilla Dect-puhelimilla. Voit liitt\u00e4\u00e4 yhteen tukiasemaan useampia puhelimia. Lue lis\u00e4\u00e4&#8230;[\/vc_column_text][\/vc_column][vc_column width=&#8221;1\/3&#8243;][vc_column_text] Tutustu uusiin Android-videopuhelimiimme. K\u00e4ytt\u00e4j\u00e4t voivat nauttia tehokkaasta multimediakokemuksesta n\u00e4ill\u00e4 huippuluokan videopuhelimilla. Lue lis\u00e4\u00e4&#8230;[\/vc_column_text][\/vc_column][\/vc_row][vc_row][vc_column width=&#8221;1\/3&#8243;][vc_column_text] H\u00f6ydynn\u00e4 olemassaolevaa mobiililaitettasi ja liit\u00e4 se osaksi puhelinj\u00e4rjestelm\u00e4\u00e4si. Lue lis\u00e4\u00e4&#8230;[\/vc_column_text][\/vc_column][vc_column [&hellip;]<\/p>\n","protected":false},"author":1,"featured_media":0,"parent":0,"menu_order":0,"comment_status":"closed","ping_status":"closed","template":"","meta":{"footnotes":""},"class_list":["post-2419","page","type-page","status-publish","hentry"],"_links":{"self":[{"href":"https:\/\/www.perustele.fi\/index.php\/wp-json\/wp\/v2\/pages\/2419","targetHints":{"allow":["GET"]}}],"collection":[{"href":"https:\/\/www.perustele.fi\/index.php\/wp-json\/wp\/v2\/pages"}],"about":[{"href":"https:\/\/www.perustele.fi\/index.php\/wp-json\/wp\/v2\/types\/page"}],"author":[{"embeddable":true,"href":"https:\/\/www.perustele.fi\/index.php\/wp-json\/wp\/v2\/users\/1"}],"replies":[{"embeddable":true,"href":"https:\/\/www.perustele.fi\/index.php\/wp-json\/wp\/v2\/comments?post=2419"}],"version-history":[{"count":26,"href":"https:\/\/www.perustele.fi\/index.php\/wp-json\/wp\/v2\/pages\/2419\/revisions"}],"predecessor-version":[{"id":2953,"href":"https:\/\/www.perustele.fi\/index.php\/wp-json\/wp\/v2\/pages\/2419\/revisions\/2953"}],"wp:attachment":[{"href":"https:\/\/www.perustele.fi\/index.php\/wp-json\/wp\/v2\/media?parent=2419"}],"curies":[{"name":"wp","href":"https:\/\/api.w.org\/{rel}","templated":true}]}}