{"id":2448,"date":"2021-12-03T13:40:51","date_gmt":"2021-12-03T11:40:51","guid":{"rendered":"https:\/\/www.nettipuhelinkauppa.fi\/?page_id=2448"},"modified":"2022-12-21T16:28:07","modified_gmt":"2022-12-21T14:28:07","slug":"peruspuhelimet","status":"publish","type":"page","link":"https:\/\/www.perustele.fi\/index.php\/peruspuhelimet\/","title":{"rendered":"GXP-SARJAN PUHELIMET"},"content":{"rendered":"<section class=\"wpb-content-wrapper\"><p>[vc_row][vc_column width=&#8221;1\/3&#8243;][vc_column_text]<img loading=\"lazy\" decoding=\"async\" class=\"alignnone size-medium wp-image-2452\" src=\"https:\/\/www.perustele.fi\/wp-content\/uploads\/2021\/12\/1610_1615_front-300x296.jpg\" alt=\"\" width=\"300\" height=\"296\" srcset=\"https:\/\/www.perustele.fi\/wp-content\/uploads\/2021\/12\/1610_1615_front-300x296.jpg 300w, https:\/\/www.perustele.fi\/wp-content\/uploads\/2021\/12\/1610_1615_front-1024x1012.jpg 1024w, https:\/\/www.perustele.fi\/wp-content\/uploads\/2021\/12\/1610_1615_front-768x759.jpg 768w, https:\/\/www.perustele.fi\/wp-content\/uploads\/2021\/12\/1610_1615_front-600x593.jpg 600w, https:\/\/www.perustele.fi\/wp-content\/uploads\/2021\/12\/1610_1615_front-100x100.jpg 100w, https:\/\/www.perustele.fi\/wp-content\/uploads\/2021\/12\/1610_1615_front.jpg 1100w\" sizes=\"auto, (max-width: 300px) 100vw, 300px\" \/>GXP1610\/15 Basic IP -puhelin tarjoaa k\u00e4ytt\u00e4j\u00e4yst\u00e4v\u00e4llisen ja intuitiivisen viestint\u00e4kokemuksen k\u00e4ytt\u00e4jille, jotka tarvitsevat vain v\u00e4ltt\u00e4m\u00e4tt\u00f6m\u00e4n VoIP-yhteyden. GXP1610\/15 on varustettu 1 linjalla, ja 132&#215;48 LCD-n\u00e4yt\u00f6ll\u00e4, . Puhelimessa on my\u00f6s 3 ohjelmoitavaa XML-ohjelmiston\u00e4pp\u00e4int\u00e4 ja kaksi 10\/100 Mbps porttia (GXP1615:n PoE:ll\u00e4) joustavan k\u00e4ytt\u00f6kokemuksen takaamiseksi. Ei taustavaloa.<\/p>\n<p><a href=\"https:\/\/www.perustele.fi\/index.php\/gxp1610-16015\/\">Tutustu t\u00e4st\u00e4.<\/a>[\/vc_column_text][\/vc_column][vc_column width=&#8221;1\/3&#8243;][vc_column_text]<img loading=\"lazy\" decoding=\"async\" class=\"alignnone size-medium wp-image-2451\" src=\"https:\/\/www.perustele.fi\/wp-content\/uploads\/2021\/12\/1620_front-300x296.png\" alt=\"\" width=\"300\" height=\"296\" srcset=\"https:\/\/www.perustele.fi\/wp-content\/uploads\/2021\/12\/1620_front-300x296.png 300w, https:\/\/www.perustele.fi\/wp-content\/uploads\/2021\/12\/1620_front-1024x1012.png 1024w, https:\/\/www.perustele.fi\/wp-content\/uploads\/2021\/12\/1620_front-768x759.png 768w, https:\/\/www.perustele.fi\/wp-content\/uploads\/2021\/12\/1620_front-600x593.png 600w, https:\/\/www.perustele.fi\/wp-content\/uploads\/2021\/12\/1620_front-100x100.png 100w, https:\/\/www.perustele.fi\/wp-content\/uploads\/2021\/12\/1620_front.png 1100w\" sizes=\"auto, (max-width: 300px) 100vw, 300px\" \/>.GXP1620\/25 sis\u00e4lt\u00e4\u00e4 tehokkaat ja v\u00e4ltt\u00e4m\u00e4tt\u00f6m\u00e4t toiminnat, jotka mahdollistavat helppok\u00e4ytt\u00f6isen kokemuksen k\u00e4ytt\u00e4j\u00e4lle, jonka puhelujen puheluiden m\u00e4\u00e4r\u00e4 ei ole kovin suuri. GXP1620\/25 on monipuolinen ja luotettava puhelin. Puhelimessa on 2 linjaa ja taustavalo n\u00e4yt\u00f6lle. PoE-mahdollisuus GXP1625.<\/p>\n<p><a href=\"https:\/\/www.perustele.fi\/index.php\/gxp1620-1625\/\">Tutustu t\u00e4st\u00e4.<\/a>[\/vc_column_text][\/vc_column][vc_column width=&#8221;1\/3&#8243;][vc_column_text]<img loading=\"lazy\" decoding=\"async\" class=\"alignnone size-medium wp-image-2450\" src=\"https:\/\/www.perustele.fi\/wp-content\/uploads\/2021\/12\/1630_front-300x252.png\" alt=\"\" width=\"300\" height=\"252\" srcset=\"https:\/\/www.perustele.fi\/wp-content\/uploads\/2021\/12\/1630_front-300x252.png 300w, https:\/\/www.perustele.fi\/wp-content\/uploads\/2021\/12\/1630_front-1024x860.png 1024w, https:\/\/www.perustele.fi\/wp-content\/uploads\/2021\/12\/1630_front-768x645.png 768w, https:\/\/www.perustele.fi\/wp-content\/uploads\/2021\/12\/1630_front-1536x1291.png 1536w, https:\/\/www.perustele.fi\/wp-content\/uploads\/2021\/12\/1630_front-1320x1109.png 1320w, https:\/\/www.perustele.fi\/wp-content\/uploads\/2021\/12\/1630_front-600x504.png 600w, https:\/\/www.perustele.fi\/wp-content\/uploads\/2021\/12\/1630_front.png 1802w\" sizes=\"auto, (max-width: 300px) 100vw, 300px\" \/><\/p>\n<p>GXP1630 tarjoaa tehokkaan viestint\u00e4alustan nopeaan puhelunhallintaan. T\u00e4m\u00e4 laite tarjoaa eloisan ja selke\u00e4n k\u00e4ytt\u00f6liittym\u00e4n, ja se on t\u00e4ydellinen ratkaisu niille, jotka k\u00e4sittelev\u00e4t pient\u00e4 tai keskim\u00e4\u00e4r\u00e4ist\u00e4 puhelun m\u00e4\u00e4r\u00e4\u00e4 ja tarvitsevat p\u00e4\u00e4syn t\u00e4rkeimpiin toimintoihin.3 linjaa, 8 ohjelmoitavaa n\u00e4pp\u00e4int\u00e4 yms.<\/p>\n<p><a href=\"https:\/\/www.perustele.fi\/index.php\/gxp1630\/\">Tutustu t\u00e4st\u00e4.<\/a>[\/vc_column_text][\/vc_column][\/vc_row][vc_row][vc_column width=&#8221;1\/3&#8243;][vc_column_text]<\/p>\n<div id=\"attachment_2769\" style=\"width: 310px\" class=\"wp-caption alignleft\"><img loading=\"lazy\" decoding=\"async\" aria-describedby=\"caption-attachment-2769\" class=\"size-medium wp-image-2769\" src=\"https:\/\/www.perustele.fi\/wp-content\/uploads\/2022\/04\/gxp2135_front-300x300.png\" alt=\"\" width=\"300\" height=\"300\" srcset=\"https:\/\/www.perustele.fi\/wp-content\/uploads\/2022\/04\/gxp2135_front-300x300.png 300w, https:\/\/www.perustele.fi\/wp-content\/uploads\/2022\/04\/gxp2135_front-1024x1024.png 1024w, https:\/\/www.perustele.fi\/wp-content\/uploads\/2022\/04\/gxp2135_front-150x150.png 150w, https:\/\/www.perustele.fi\/wp-content\/uploads\/2022\/04\/gxp2135_front-768x768.png 768w, https:\/\/www.perustele.fi\/wp-content\/uploads\/2022\/04\/gxp2135_front-1536x1536.png 1536w, https:\/\/www.perustele.fi\/wp-content\/uploads\/2022\/04\/gxp2135_front-2048x2048.png 2048w, https:\/\/www.perustele.fi\/wp-content\/uploads\/2022\/04\/gxp2135_front-140x140.png 140w, https:\/\/www.perustele.fi\/wp-content\/uploads\/2022\/04\/gxp2135_front-370x370.png 370w, https:\/\/www.perustele.fi\/wp-content\/uploads\/2022\/04\/gxp2135_front-1320x1320.png 1320w, https:\/\/www.perustele.fi\/wp-content\/uploads\/2022\/04\/gxp2135_front-600x600.png 600w, https:\/\/www.perustele.fi\/wp-content\/uploads\/2022\/04\/gxp2135_front-100x100.png 100w, https:\/\/www.perustele.fi\/wp-content\/uploads\/2022\/04\/gxp2135_front-1200x1200-cropped.png 1200w\" sizes=\"auto, (max-width: 300px) 100vw, 300px\" \/><p id=\"caption-attachment-2769\" class=\"wp-caption-text\">GXP2135<\/p><\/div>\n<p>GXP2135 on ihanteellinen valinta kiireisille k\u00e4ytt\u00e4jille, jotka arvostavat puheluiden hallintaa, tuottavuutta ja k\u00e4ytett\u00e4vyytt\u00e4. 8 linjalla ja 4 SIP-tilill\u00e4, 2,8 tuuman LCD-v\u00e4rin\u00e4yt\u00f6ll\u00e4 ja 32 digitaalisella pikavalinta-\/BLF-n\u00e4pp\u00e4imell\u00e4 varustettu GXP2135 mahdollistaa nopean ja tehokkaan k\u00e4ytett\u00e4vyyden.<\/p>\n<p><a href=\"https:\/\/www.perustele.fi\/index.php\/gxp2135\/\">Tutustu t\u00e4st\u00e4<\/a>[\/vc_column_text][\/vc_column][vc_column width=&#8221;1\/3&#8243;][vc_column_text]<\/p>\n<div id=\"attachment_2770\" style=\"width: 310px\" class=\"wp-caption aligncenter\"><img loading=\"lazy\" decoding=\"async\" aria-describedby=\"caption-attachment-2770\" class=\"size-medium wp-image-2770\" src=\"https:\/\/www.perustele.fi\/wp-content\/uploads\/2022\/04\/gxp2160front-300x225.png\" alt=\"\" width=\"300\" height=\"225\" srcset=\"https:\/\/www.perustele.fi\/wp-content\/uploads\/2022\/04\/gxp2160front-300x225.png 300w, https:\/\/www.perustele.fi\/wp-content\/uploads\/2022\/04\/gxp2160front-1024x768.png 1024w, https:\/\/www.perustele.fi\/wp-content\/uploads\/2022\/04\/gxp2160front-768x576.png 768w, https:\/\/www.perustele.fi\/wp-content\/uploads\/2022\/04\/gxp2160front-1536x1152.png 1536w, https:\/\/www.perustele.fi\/wp-content\/uploads\/2022\/04\/gxp2160front-1320x990.png 1320w, https:\/\/www.perustele.fi\/wp-content\/uploads\/2022\/04\/gxp2160front-600x450.png 600w, https:\/\/www.perustele.fi\/wp-content\/uploads\/2022\/04\/gxp2160front-1200x900-cropped.png 1200w, https:\/\/www.perustele.fi\/wp-content\/uploads\/2022\/04\/gxp2160front.png 1600w\" sizes=\"auto, (max-width: 300px) 100vw, 300px\" \/><p id=\"caption-attachment-2770\" class=\"wp-caption-text\">GXP2160<\/p><\/div>\n<p>GXP2160 tarjoaa tehokkuuteen keskittyv\u00e4n p\u00e4\u00e4tepisteen kirkkaalla n\u00e4yt\u00f6ll\u00e4\u00e4n sek\u00e4 intuitiivisilla BLF- ja pikavalintan\u00e4pp\u00e4imill\u00e4. Keskity k\u00e4sittelem\u00e4\u00e4n enemm\u00e4n puheluita ja tavoittamaan enemm\u00e4n asiakkaita k\u00e4ytt\u00e4m\u00e4ll\u00e4 sen 6 linjaa, 4,3 tuuman LCD-n\u00e4ytt\u00f6\u00e4 ja sis\u00e4\u00e4nrakennettua fyysist\u00e4 24 BLF\/pikavalintan\u00e4pp\u00e4int\u00e4. Seuraa helposti muiden alaliittymien tilatietoja siirt\u00e4\u00e4ksesi puhelut nopeasti oikeaan kohteeseen. GXP2160, joka on varustettu kahdella gigabitin PoE-verkkoporteilla, Bluetooth-tuella ja monilla muilla ominaisuuksilla, tuo puhelunhallinnan uudelle tasolle.<\/p>\n<p><a href=\"https:\/\/www.perustele.fi\/index.php\/gxp2160\/\">Tutustu t\u00e4st\u00e4<\/a>[\/vc_column_text][\/vc_column][vc_column width=&#8221;1\/3&#8243;][vc_column_text]<\/p>\n<div id=\"attachment_2772\" style=\"width: 310px\" class=\"wp-caption aligncenter\"><img loading=\"lazy\" decoding=\"async\" aria-describedby=\"caption-attachment-2772\" class=\"size-medium wp-image-2772\" src=\"https:\/\/www.perustele.fi\/wp-content\/uploads\/2022\/04\/gxp2170_front_ext-300x200.png\" alt=\"\" width=\"300\" height=\"200\" srcset=\"https:\/\/www.perustele.fi\/wp-content\/uploads\/2022\/04\/gxp2170_front_ext-300x200.png 300w, https:\/\/www.perustele.fi\/wp-content\/uploads\/2022\/04\/gxp2170_front_ext-1024x682.png 1024w, https:\/\/www.perustele.fi\/wp-content\/uploads\/2022\/04\/gxp2170_front_ext-768x512.png 768w, https:\/\/www.perustele.fi\/wp-content\/uploads\/2022\/04\/gxp2170_front_ext-1536x1024.png 1536w, https:\/\/www.perustele.fi\/wp-content\/uploads\/2022\/04\/gxp2170_front_ext-1320x880.png 1320w, https:\/\/www.perustele.fi\/wp-content\/uploads\/2022\/04\/gxp2170_front_ext-600x400.png 600w, https:\/\/www.perustele.fi\/wp-content\/uploads\/2022\/04\/gxp2170_front_ext.png 1772w\" sizes=\"auto, (max-width: 300px) 100vw, 300px\" \/><p id=\"caption-attachment-2772\" class=\"wp-caption-text\">GXP2170 lis\u00e4pikavalinnoilla<\/p><\/div>\n<p>GXP2170 on tehokas huippuluokan IP-puhelin, joka on ihanteellinen k\u00e4ytt\u00e4jille, jotka k\u00e4sittelev\u00e4t suuria puhelum\u00e4\u00e4ri\u00e4. Vastaanottovirkailijat, j\u00e4rjestelm\u00e4nvalvojat, myyntihenkil\u00f6st\u00f6 ja muut tehok\u00e4ytt\u00e4j\u00e4t voivat nauttia tehokkuudesta k\u00e4ytt\u00e4m\u00e4ll\u00e4 GXP2170:n 12 rivin\u00e4pp\u00e4int\u00e4, 4,3 tuuman LCD-v\u00e4rin\u00e4ytt\u00f6\u00e4 ja 48 digitaalista, ruudulla n\u00e4kyv\u00e4\u00e4 pikavalinta-\/BLF-n\u00e4pp\u00e4int\u00e4. Puhelimessa on 2 gigabtin PoE-porttia. Maksimoitu puhelunhallinta, laajennettavat pikavalinta-\/BLF-ominaisuudet ja tyylik\u00e4s muotoilu tekev\u00e4t t\u00e4st\u00e4 puhelimesta \u00e4\u00e4rimm\u00e4isen sopivan suurille puhelum\u00e4\u00e4rille. <a href=\"https:\/\/www.perustele.fi\/index.php\/gxp2170\/\">Tutustu t\u00e4st\u00e4<\/a>[\/vc_column_text][\/vc_column][\/vc_row]<\/p>\n<\/section>","protected":false},"excerpt":{"rendered":"<p>[vc_row][vc_column width=&#8221;1\/3&#8243;][vc_column_text]GXP1610\/15 Basic IP -puhelin tarjoaa k\u00e4ytt\u00e4j\u00e4yst\u00e4v\u00e4llisen ja intuitiivisen viestint\u00e4kokemuksen k\u00e4ytt\u00e4jille, jotka tarvitsevat vain v\u00e4ltt\u00e4m\u00e4tt\u00f6m\u00e4n VoIP-yhteyden. GXP1610\/15 on varustettu 1 linjalla, ja 132&#215;48 LCD-n\u00e4yt\u00f6ll\u00e4, . Puhelimessa on my\u00f6s 3 ohjelmoitavaa XML-ohjelmiston\u00e4pp\u00e4int\u00e4 ja kaksi 10\/100 Mbps porttia (GXP1615:n PoE:ll\u00e4) joustavan k\u00e4ytt\u00f6kokemuksen takaamiseksi. Ei taustavaloa. Tutustu t\u00e4st\u00e4.[\/vc_column_text][\/vc_column][vc_column width=&#8221;1\/3&#8243;][vc_column_text].GXP1620\/25 sis\u00e4lt\u00e4\u00e4 tehokkaat ja v\u00e4ltt\u00e4m\u00e4tt\u00f6m\u00e4t toiminnat, jotka mahdollistavat helppok\u00e4ytt\u00f6isen kokemuksen [&hellip;]<\/p>\n","protected":false},"author":1,"featured_media":2379,"parent":0,"menu_order":0,"comment_status":"closed","ping_status":"closed","template":"","meta":{"footnotes":""},"class_list":["post-2448","page","type-page","status-publish","has-post-thumbnail","hentry"],"_links":{"self":[{"href":"https:\/\/www.perustele.fi\/index.php\/wp-json\/wp\/v2\/pages\/2448","targetHints":{"allow":["GET"]}}],"collection":[{"href":"https:\/\/www.perustele.fi\/index.php\/wp-json\/wp\/v2\/pages"}],"about":[{"href":"https:\/\/www.perustele.fi\/index.php\/wp-json\/wp\/v2\/types\/page"}],"author":[{"embeddable":true,"href":"https:\/\/www.perustele.fi\/index.php\/wp-json\/wp\/v2\/users\/1"}],"replies":[{"embeddable":true,"href":"https:\/\/www.perustele.fi\/index.php\/wp-json\/wp\/v2\/comments?post=2448"}],"version-history":[{"count":16,"href":"https:\/\/www.perustele.fi\/index.php\/wp-json\/wp\/v2\/pages\/2448\/revisions"}],"predecessor-version":[{"id":2926,"href":"https:\/\/www.perustele.fi\/index.php\/wp-json\/wp\/v2\/pages\/2448\/revisions\/2926"}],"wp:featuredmedia":[{"embeddable":true,"href":"https:\/\/www.perustele.fi\/index.php\/wp-json\/wp\/v2\/media\/2379"}],"wp:attachment":[{"href":"https:\/\/www.perustele.fi\/index.php\/wp-json\/wp\/v2\/media?parent=2448"}],"curies":[{"name":"wp","href":"https:\/\/api.w.org\/{rel}","templated":true}]}}