{"id":2648,"date":"2022-02-28T10:56:15","date_gmt":"2022-02-28T08:56:15","guid":{"rendered":"https:\/\/www.nettipuhelinkauppa.fi\/?page_id=2648"},"modified":"2022-12-21T16:12:35","modified_gmt":"2022-12-21T14:12:35","slug":"chatti","status":"publish","type":"page","link":"https:\/\/www.perustele.fi\/index.php\/chatti\/","title":{"rendered":"CHATTI"},"content":{"rendered":"<p><img loading=\"lazy\" decoding=\"async\" class=\"alignleft size-medium wp-image-2651\" src=\"https:\/\/www.perustele.fi\/wp-content\/uploads\/2022\/02\/3CX-logo-grey_background-300x131.png\" alt=\"\" width=\"300\" height=\"131\" srcset=\"https:\/\/www.perustele.fi\/wp-content\/uploads\/2022\/02\/3CX-logo-grey_background-300x131.png 300w, https:\/\/www.perustele.fi\/wp-content\/uploads\/2022\/02\/3CX-logo-grey_background-1024x446.png 1024w, https:\/\/www.perustele.fi\/wp-content\/uploads\/2022\/02\/3CX-logo-grey_background-768x334.png 768w, https:\/\/www.perustele.fi\/wp-content\/uploads\/2022\/02\/3CX-logo-grey_background-1536x669.png 1536w, https:\/\/www.perustele.fi\/wp-content\/uploads\/2022\/02\/3CX-logo-grey_background-2048x892.png 2048w, https:\/\/www.perustele.fi\/wp-content\/uploads\/2022\/02\/3CX-logo-grey_background-1320x575.png 1320w, https:\/\/www.perustele.fi\/wp-content\/uploads\/2022\/02\/3CX-logo-grey_background-600x261.png 600w\" sizes=\"auto, (max-width: 300px) 100vw, 300px\" \/><\/p>\n<p>Tilastot osoittavat, ett\u00e4 yli puolet asiakkaista haluaa keskustella jonkun kanssa reaaliajassa!<\/p>\n<p>Live-chat-ratkaisun asentaminen verkkosivustollesi ei ainoastaan \u200b\u200bparanna asiakastyytyv\u00e4isyytt\u00e4, vaan lis\u00e4\u00e4 my\u00f6s liidikonversioitasi.<\/p>\n<p>Mutta ent\u00e4 jos kyselyst\u00e4 tulee liian vaikea k\u00e4sitell\u00e4 chatissa? Siirry 3CX Live Chatiin. Integroimalla live-chatin puhelinj\u00e4rjestelm\u00e4\u00e4mme, verkkosivuston vierailijat voivat keskustella agenttien kanssa reaaliajassa ja vaihtaa live- tai videopuheluun yhdell\u00e4 napsautuksella \u2013 ilman puhelinnumeroiden valintaa. Sama agentti voi vastata v\u00e4litt\u00f6m\u00e4sti 3CX-webklientist\u00e4\u00e4n, Windows-ty\u00f6p\u00f6yt\u00e4sovelluksestaan \u200b\u200btai mobiilisovelluksestaan. Sep\u00e4 vasta asiakaspalvelua<\/p>\n<p>.Lis\u00e4ksi voit pit\u00e4\u00e4 kaiken viestint\u00e4si yhdell\u00e4 alustalla, mukaan lukien yrityksesi Facebook-sivun kautta tulevat chatit ja yritystekstiviestit. Katso konversioprosentit ja asiakastyytyv\u00e4isyys nousevat pilviin. S\u00e4\u00e4st\u00e4 j\u00e4rjestelm\u00e4nvalvojan aikaa ja kuukausittaisia \u200b\u200bohjelmistotilauksia!<\/p>\n<h2><strong><span style=\"color: #000000;\">LIVE CHAT: RAJOITTAMATON M\u00c4\u00c4R\u00c4 AGENTTEJA CHATTIN<\/span><\/strong><\/h2>\n<p><img loading=\"lazy\" decoding=\"async\" class=\"alignright size-medium wp-image-2631\" src=\"https:\/\/www.perustele.fi\/wp-content\/uploads\/2022\/02\/facebook-page-chat-300x170.png\" alt=\"\" width=\"300\" height=\"170\" srcset=\"https:\/\/www.perustele.fi\/wp-content\/uploads\/2022\/02\/facebook-page-chat-300x170.png 300w, https:\/\/www.perustele.fi\/wp-content\/uploads\/2022\/02\/facebook-page-chat.png 405w\" sizes=\"auto, (max-width: 300px) 100vw, 300px\" \/>Anna vierailijoille reaaliaikaisia \u200b\u200bneuvoja heid\u00e4n selatessaan tuotteitasi\/palveluitasi<\/p>\n<p>.Muunna n\u00e4m\u00e4 uudet vierailijat uusiksi liideiksi CRM:ss\u00e4si.<\/p>\n<p>Mukauta chat-tervehdys yritysten ty\u00f6aikojen mukaan.<\/p>\n<p>Arvioi agenttien suorituskyky\u00e4 chat-arvioiden ja raporttien avulla.<\/p>\n<p><strong>Siirry live-chatista live-puheluun!<\/strong> Vierailijat voivat siirty\u00e4 chatista \u00e4\u00e4ni- tai videopuheluun yhdell\u00e4 napsautuksella.Puhelut kulkevat selaimen kautta \u2013 ilmaiseksi asiakkaalle ja sinulle.<\/p>\n<p>Palveluasiakkaat \u2013 ratkaise tukiongelmat nopeammin.Matalampi kynnys ottaa yhteytt\u00e4 \u2013 ei tarvitse valita numeroa.<\/p>\n<h2><span style=\"color: #000000;\"><strong>YKSI J\u00c4RJESTELM\u00c4 CHATILLE, PUHELUILLE JA VIESTEILLE<\/strong><\/span><\/h2>\n<p><img loading=\"lazy\" decoding=\"async\" class=\"alignleft size-medium wp-image-2540\" src=\"https:\/\/www.perustele.fi\/wp-content\/uploads\/2022\/01\/one-system-one-request-300x130.png\" alt=\"\" width=\"300\" height=\"130\" srcset=\"https:\/\/www.perustele.fi\/wp-content\/uploads\/2022\/01\/one-system-one-request-300x130.png 300w, https:\/\/www.perustele.fi\/wp-content\/uploads\/2022\/01\/one-system-one-request.png 480w\" sizes=\"auto, (max-width: 300px) 100vw, 300px\" \/>\u00a0Ei en\u00e4\u00e4 erillisen live-chat-j\u00e4rjestelm\u00e4n hallintaa ja oppimista.<\/p>\n<p>Saatavilla WordPressille, Drupalille, Joomlalle, Wixille ja Weeblylle.<\/p>\n<p>Sis\u00e4lt\u00e4\u00e4 Facebookin ja tekstiviestien integroinnin.<\/p>\n<p>Tunnista nykyiset asiakkaat ja tuo esiin heid\u00e4n yhteystietonsa.<\/p>\n<p>Vastaa viesteihin nopeasti ja ammattimaisesti.<img loading=\"lazy\" decoding=\"async\" class=\"alignright size-medium wp-image-2609\" src=\"https:\/\/www.perustele.fi\/wp-content\/uploads\/2022\/02\/all_communications_slider-1-300x184.webp\" alt=\"\" width=\"300\" height=\"184\" srcset=\"https:\/\/www.perustele.fi\/wp-content\/uploads\/2022\/02\/all_communications_slider-1-300x184.webp 300w, https:\/\/www.perustele.fi\/wp-content\/uploads\/2022\/02\/all_communications_slider-1.webp 391w\" sizes=\"auto, (max-width: 300px) 100vw, 300px\" \/><\/p>\n<p>Vierailijat voivat napsauttaa valitakseen, mille osastolle he haluavat puhua.<\/p>\n<p>M\u00e4\u00e4rit\u00e4 chat-viestit ryhm\u00e4\u00e4n automaattisesti.<\/p>\n<p>K\u00e4ytt\u00f6liittym\u00e4 mahdollistaa keskustelujen jonopohjaisen ryhm\u00e4k\u00e4sittelyn.<\/p>\n<p>Tiketit voidaan m\u00e4\u00e4ritt\u00e4\u00e4 ensimm\u00e4iselle chattiin vastaavalle k\u00e4ytt\u00e4j\u00e4lle.<\/p>\n","protected":false},"excerpt":{"rendered":"<p>Tilastot osoittavat, ett\u00e4 yli puolet asiakkaista haluaa keskustella jonkun kanssa reaaliajassa! Live-chat-ratkaisun asentaminen verkkosivustollesi ei ainoastaan \u200b\u200bparanna asiakastyytyv\u00e4isyytt\u00e4, vaan lis\u00e4\u00e4 my\u00f6s liidikonversioitasi. Mutta ent\u00e4 jos kyselyst\u00e4 tulee liian vaikea k\u00e4sitell\u00e4 chatissa? Siirry 3CX Live Chatiin. Integroimalla live-chatin puhelinj\u00e4rjestelm\u00e4\u00e4mme, verkkosivuston vierailijat voivat keskustella agenttien kanssa reaaliajassa ja vaihtaa live- tai videopuheluun yhdell\u00e4 napsautuksella \u2013 ilman puhelinnumeroiden [&hellip;]<\/p>\n","protected":false},"author":1,"featured_media":0,"parent":0,"menu_order":0,"comment_status":"closed","ping_status":"closed","template":"","meta":{"footnotes":""},"class_list":["post-2648","page","type-page","status-publish","hentry"],"_links":{"self":[{"href":"https:\/\/www.perustele.fi\/index.php\/wp-json\/wp\/v2\/pages\/2648","targetHints":{"allow":["GET"]}}],"collection":[{"href":"https:\/\/www.perustele.fi\/index.php\/wp-json\/wp\/v2\/pages"}],"about":[{"href":"https:\/\/www.perustele.fi\/index.php\/wp-json\/wp\/v2\/types\/page"}],"author":[{"embeddable":true,"href":"https:\/\/www.perustele.fi\/index.php\/wp-json\/wp\/v2\/users\/1"}],"replies":[{"embeddable":true,"href":"https:\/\/www.perustele.fi\/index.php\/wp-json\/wp\/v2\/comments?post=2648"}],"version-history":[{"count":9,"href":"https:\/\/www.perustele.fi\/index.php\/wp-json\/wp\/v2\/pages\/2648\/revisions"}],"predecessor-version":[{"id":2921,"href":"https:\/\/www.perustele.fi\/index.php\/wp-json\/wp\/v2\/pages\/2648\/revisions\/2921"}],"wp:attachment":[{"href":"https:\/\/www.perustele.fi\/index.php\/wp-json\/wp\/v2\/media?parent=2648"}],"curies":[{"name":"wp","href":"https:\/\/api.w.org\/{rel}","templated":true}]}}