{"id":2716,"date":"2022-04-22T12:57:53","date_gmt":"2022-04-22T10:57:53","guid":{"rendered":"https:\/\/www.nettipuhelinkauppa.fi\/?page_id=2716"},"modified":"2022-08-18T15:17:16","modified_gmt":"2022-08-18T13:17:16","slug":"videopuhelimet","status":"publish","type":"page","link":"https:\/\/www.perustele.fi\/index.php\/videopuhelimet\/","title":{"rendered":"VIDEOPUHELIMET"},"content":{"rendered":"<section class=\"wpb-content-wrapper\"><p>[vc_row][vc_column][vc_column_text]Grandstreamin GXV3300-sarjan IP-videopuhelimet, joissa on k\u00e4ytt\u00f6j\u00e4rjestelm\u00e4n\u00e4 AndroidTM, tarjoavat edistyneen video- ja \u00e4\u00e4niviestinn\u00e4n ty\u00f6p\u00f6yd\u00e4lle, ja voit k\u00e4ytt\u00e4\u00e4 puhelimia kuten tabletteja. K\u00e4ytt\u00e4j\u00e4t voivat nauttia tehokkaasta multimediakokemuksesta n\u00e4ill\u00e4 huippuluokan videopuhelimilla.[\/vc_column_text][\/vc_column][\/vc_row][vc_row][vc_column width=&#8221;1\/2&#8243;][vc_column_text]<img loading=\"lazy\" decoding=\"async\" class=\"size-thumbnail wp-image-2721 aligncenter\" src=\"https:\/\/www.perustele.fi\/wp-content\/uploads\/2022\/04\/GXV3350front-150x150.png\" alt=\"Videopuhelin GXV3350\" width=\"150\" height=\"150\" srcset=\"https:\/\/www.perustele.fi\/wp-content\/uploads\/2022\/04\/GXV3350front-150x150.png 150w, https:\/\/www.perustele.fi\/wp-content\/uploads\/2022\/04\/GXV3350front-140x140.png 140w, https:\/\/www.perustele.fi\/wp-content\/uploads\/2022\/04\/GXV3350front-370x370.png 370w, https:\/\/www.perustele.fi\/wp-content\/uploads\/2022\/04\/GXV3350front-300x300.png 300w, https:\/\/www.perustele.fi\/wp-content\/uploads\/2022\/04\/GXV3350front-100x100.png 100w, https:\/\/www.perustele.fi\/wp-content\/uploads\/2022\/04\/GXV3350front-1200x1200-cropped.png 1200w\" sizes=\"auto, (max-width: 150px) 100vw, 150px\" \/><\/p>\n<p>GVX3350<\/p>\n<p>GXV3350 on edistynyt p\u00f6yt\u00e4videopuhelin, joka on sek\u00e4 16-linjainen IP-puhelin ett\u00e4 Android-tabletti, ja tarjoaa all-in-one-viestint\u00e4ratkaisun.<\/p>\n<p>Se on ihanteellinen p\u00f6yt\u00e4kone kiireisille ammattilaisille ja johtajille, ja se tarjoaa my\u00f6s tehokkaan, mutta j\u00e4rkihintaisen laitteen mihin tahansa konferenssihuoneeseen. 5\u201d n\u00e4ytt\u00f6.<\/p>\n<p><a href=\"https:\/\/www.perustele.fi\/index.php\/gxv3350-videopuhelin\/\">Tutustu t\u00e4st\u00e4<\/a>[\/vc_column_text][\/vc_column][vc_column width=&#8221;1\/2&#8243;][vc_column_text]<img loading=\"lazy\" decoding=\"async\" class=\"size-thumbnail wp-image-2718 alignleft\" src=\"https:\/\/www.perustele.fi\/wp-content\/uploads\/2022\/04\/GXV3370_Left-150x150.png\" alt=\"Videopuhelin GXV3370\" width=\"150\" height=\"150\" srcset=\"https:\/\/www.perustele.fi\/wp-content\/uploads\/2022\/04\/GXV3370_Left-150x150.png 150w, https:\/\/www.perustele.fi\/wp-content\/uploads\/2022\/04\/GXV3370_Left-140x140.png 140w, https:\/\/www.perustele.fi\/wp-content\/uploads\/2022\/04\/GXV3370_Left-370x370.png 370w, https:\/\/www.perustele.fi\/wp-content\/uploads\/2022\/04\/GXV3370_Left-300x300.png 300w, https:\/\/www.perustele.fi\/wp-content\/uploads\/2022\/04\/GXV3370_Left-100x100.png 100w, https:\/\/www.perustele.fi\/wp-content\/uploads\/2022\/04\/GXV3370_Left-1200x1200-cropped.png 1200w\" sizes=\"auto, (max-width: 150px) 100vw, 150px\" \/>GXV3370<\/p>\n<p>&nbsp;<\/p>\n<p>&nbsp;<\/p>\n<p>&nbsp;<\/p>\n<p>&nbsp;<\/p>\n<p>GXV3370 IP -videopuhelin Androidille\u2122 tarjoaa tehokkaan\u00a0\u00a0\u00a0\u00a0\u00a0\u00a0\u00a0\u00a0 p\u00f6yt\u00e4videopuhelimen, jossa on Android 7.0, 7 tuuman kosketusn\u00e4ytt\u00f6, reaaliaikainen HD-videopuhelin, sis\u00e4\u00e4nrakennettu Wi-Fi ja Bluetooth ja paljon muuta..<\/p>\n<p><a href=\"https:\/\/www.perustele.fi\/index.php\/gxv3370\/\">Tutustu t\u00e4st\u00e4.<\/a>[\/vc_column_text][\/vc_column][\/vc_row][vc_row][vc_column width=&#8221;1\/2&#8243;][vc_column_text]<img loading=\"lazy\" decoding=\"async\" class=\"size-thumbnail wp-image-2719 alignleft\" src=\"https:\/\/www.perustele.fi\/wp-content\/uploads\/2022\/04\/GXV3380-front-2-150x150.png\" alt=\"Videopuhelin GXV3380\" width=\"150\" height=\"150\" srcset=\"https:\/\/www.perustele.fi\/wp-content\/uploads\/2022\/04\/GXV3380-front-2-150x150.png 150w, https:\/\/www.perustele.fi\/wp-content\/uploads\/2022\/04\/GXV3380-front-2-140x140.png 140w, https:\/\/www.perustele.fi\/wp-content\/uploads\/2022\/04\/GXV3380-front-2-370x370.png 370w, https:\/\/www.perustele.fi\/wp-content\/uploads\/2022\/04\/GXV3380-front-2-300x300.png 300w, https:\/\/www.perustele.fi\/wp-content\/uploads\/2022\/04\/GXV3380-front-2-100x100.png 100w, https:\/\/www.perustele.fi\/wp-content\/uploads\/2022\/04\/GXV3380-front-2-1200x1200-cropped.png 1200w\" sizes=\"auto, (max-width: 150px) 100vw, 150px\" \/><\/p>\n<p>GXV3380 on tehokas huippuluokan \u00e4lyk\u00e4s videopuhelin Androidille, joka yhdist\u00e4\u00e4 16-linjaisen IP-puhelimen usean alustan videoyhteisty\u00f6ratkaisuun ja Android-tabletin toiminnallisuuden tarjoamaan all-in-one-viestint\u00e4ratkaisun. Se on ihanteellinen p\u00f6yt\u00e4kone kiireisille ammattilaisille ja johtajille, ja se tarjoaa my\u00f6s tehokkaan mutta kustannustehokkaan laitteen mihin tahansa konferenssihuoneeseen. 8\u201d n\u00e4ytt\u00f6.<\/p>\n<p><a href=\"https:\/\/www.perustele.fi\/index.php\/gxv3380\/\">Tutustu t\u00e4st\u00e4.<\/a>[\/vc_column_text][\/vc_column][vc_column width=&#8221;1\/2&#8243;][\/vc_column][\/vc_row]<\/p>\n<\/section>","protected":false},"excerpt":{"rendered":"<p>[vc_row][vc_column][vc_column_text]Grandstreamin GXV3300-sarjan IP-videopuhelimet, joissa on k\u00e4ytt\u00f6j\u00e4rjestelm\u00e4n\u00e4 AndroidTM, tarjoavat edistyneen video- ja \u00e4\u00e4niviestinn\u00e4n ty\u00f6p\u00f6yd\u00e4lle, ja voit k\u00e4ytt\u00e4\u00e4 puhelimia kuten tabletteja. K\u00e4ytt\u00e4j\u00e4t voivat nauttia tehokkaasta multimediakokemuksesta n\u00e4ill\u00e4 huippuluokan videopuhelimilla.[\/vc_column_text][\/vc_column][\/vc_row][vc_row][vc_column width=&#8221;1\/2&#8243;][vc_column_text] GVX3350 GXV3350 on edistynyt p\u00f6yt\u00e4videopuhelin, joka on sek\u00e4 16-linjainen IP-puhelin ett\u00e4 Android-tabletti, ja tarjoaa all-in-one-viestint\u00e4ratkaisun. Se on ihanteellinen p\u00f6yt\u00e4kone kiireisille ammattilaisille ja johtajille, ja se tarjoaa my\u00f6s [&hellip;]<\/p>\n","protected":false},"author":1,"featured_media":0,"parent":0,"menu_order":0,"comment_status":"closed","ping_status":"closed","template":"","meta":{"footnotes":""},"class_list":["post-2716","page","type-page","status-publish","hentry"],"_links":{"self":[{"href":"https:\/\/www.perustele.fi\/index.php\/wp-json\/wp\/v2\/pages\/2716","targetHints":{"allow":["GET"]}}],"collection":[{"href":"https:\/\/www.perustele.fi\/index.php\/wp-json\/wp\/v2\/pages"}],"about":[{"href":"https:\/\/www.perustele.fi\/index.php\/wp-json\/wp\/v2\/types\/page"}],"author":[{"embeddable":true,"href":"https:\/\/www.perustele.fi\/index.php\/wp-json\/wp\/v2\/users\/1"}],"replies":[{"embeddable":true,"href":"https:\/\/www.perustele.fi\/index.php\/wp-json\/wp\/v2\/comments?post=2716"}],"version-history":[{"count":16,"href":"https:\/\/www.perustele.fi\/index.php\/wp-json\/wp\/v2\/pages\/2716\/revisions"}],"predecessor-version":[{"id":2888,"href":"https:\/\/www.perustele.fi\/index.php\/wp-json\/wp\/v2\/pages\/2716\/revisions\/2888"}],"wp:attachment":[{"href":"https:\/\/www.perustele.fi\/index.php\/wp-json\/wp\/v2\/media?parent=2716"}],"curies":[{"name":"wp","href":"https:\/\/api.w.org\/{rel}","templated":true}]}}