{"id":2796,"date":"2022-08-09T12:08:06","date_gmt":"2022-08-09T10:08:06","guid":{"rendered":"https:\/\/www.nettipuhelinkauppa.fi\/?page_id=2796"},"modified":"2022-08-15T10:03:18","modified_gmt":"2022-08-15T08:03:18","slug":"muita-tuotteita","status":"publish","type":"page","link":"https:\/\/www.perustele.fi\/index.php\/muita-tuotteita\/","title":{"rendered":"MUITA TUOTTEITA"},"content":{"rendered":"<section class=\"wpb-content-wrapper\"><p>[vc_row][vc_column width=&#8221;1\/4&#8243;][vc_column_text]<img loading=\"lazy\" decoding=\"async\" class=\"aligncenter size-medium wp-image-2803\" src=\"https:\/\/www.perustele.fi\/wp-content\/uploads\/2022\/08\/GWN7660-300x300.png\" alt=\"\" width=\"300\" height=\"300\" data-wp-pid=\"2803\" srcset=\"https:\/\/www.perustele.fi\/wp-content\/uploads\/2022\/08\/GWN7660-300x300.png 300w, https:\/\/www.perustele.fi\/wp-content\/uploads\/2022\/08\/GWN7660-1024x1024.png 1024w, https:\/\/www.perustele.fi\/wp-content\/uploads\/2022\/08\/GWN7660-150x150.png 150w, https:\/\/www.perustele.fi\/wp-content\/uploads\/2022\/08\/GWN7660-768x767.png 768w, https:\/\/www.perustele.fi\/wp-content\/uploads\/2022\/08\/GWN7660-140x140.png 140w, https:\/\/www.perustele.fi\/wp-content\/uploads\/2022\/08\/GWN7660-370x370.png 370w, https:\/\/www.perustele.fi\/wp-content\/uploads\/2022\/08\/GWN7660-1200x1200.png 1200w, https:\/\/www.perustele.fi\/wp-content\/uploads\/2022\/08\/GWN7660.png 1374w\" sizes=\"auto, (max-width: 300px) 100vw, 300px\" \/><\/p>\n<p style=\"text-align: center;\"><strong><span style=\"color: #000000;\">LANGATTOMAT TUKIASEMAT<\/span><\/strong><\/p>\n<p>Grandstreamin tehokkaat Wi-Fi-tukiasemat tarjoavat korkean suorituskyvyn verkostoitumista, valtavan Wi-Fi-kattavuusalueen, nopean ja helpon hallinnan\/hallinnan sis\u00e4\u00e4nrakennetun ohjaimen, erinomaisen verkon suorituskyvyn ja tuen suurelle m\u00e4\u00e4r\u00e4lle k\u00e4ytt\u00e4ji\u00e4 tukiasemaa kohti. Tukiasemat voidaan yhdist\u00e4\u00e4 my\u00f6s kolmansien osapuolten reitittimien, ja olemassa olevien Wi-Fi-verkkojen kanssa, joten ne ovat ihanteellisia sek\u00e4 uusille ett\u00e4 olemassa oleville Wi-Fi-asennuksille.[\/vc_column_text][\/vc_column][vc_column width=&#8221;1\/4&#8243;][vc_column_text]<\/p>\n<p style=\"text-align: center;\"><img loading=\"lazy\" decoding=\"async\" class=\"aligncenter size-medium wp-image-2805\" src=\"https:\/\/www.perustele.fi\/wp-content\/uploads\/2022\/08\/GDS3710-171x300.png\" alt=\"\" width=\"171\" height=\"300\" data-wp-pid=\"2805\" srcset=\"https:\/\/www.perustele.fi\/wp-content\/uploads\/2022\/08\/GDS3710-171x300.png 171w, https:\/\/www.perustele.fi\/wp-content\/uploads\/2022\/08\/GDS3710-583x1024.png 583w, https:\/\/www.perustele.fi\/wp-content\/uploads\/2022\/08\/GDS3710-768x1348.png 768w, https:\/\/www.perustele.fi\/wp-content\/uploads\/2022\/08\/GDS3710-875x1536.png 875w, https:\/\/www.perustele.fi\/wp-content\/uploads\/2022\/08\/GDS3710.png 956w\" sizes=\"auto, (max-width: 171px) 100vw, 171px\" \/><strong><span style=\"color: #000000;\">KULUNVALVONTATUOTTEITA<\/span><\/strong><\/p>\n<p>Turvallisuus, suojaus ja tilojen kulunvalvonta voidaan \u00a0integroida tietoliikenneverkkoosi. Tuo mielenrauhaa ja lis\u00e4\u00e4 kontrollia Grandstreamin \u00a0IP-ratkaisuilla. HD IP-kameroilla, verkkovideonauhureilla, omalla Grandstreamin videonhallintaohjelmistolla ja video-ovij\u00e4rjestelm\u00e4ll\u00e4 \u00a0k\u00e4ytt\u00e4j\u00e4t voivat luoda haluamansa suojausymp\u00e4rist\u00f6n[\/vc_column_text][\/vc_column][vc_column width=&#8221;1\/4&#8243;][vc_column_text]<\/p>\n<p style=\"text-align: center;\"><img loading=\"lazy\" decoding=\"async\" class=\"aligncenter size-medium wp-image-2800\" src=\"https:\/\/www.perustele.fi\/wp-content\/uploads\/2022\/08\/GUV3050-2-300x300.png\" alt=\"\" width=\"300\" height=\"300\" data-wp-pid=\"2800\" srcset=\"https:\/\/www.perustele.fi\/wp-content\/uploads\/2022\/08\/GUV3050-2-300x300.png 300w, https:\/\/www.perustele.fi\/wp-content\/uploads\/2022\/08\/GUV3050-2-1024x1024.png 1024w, https:\/\/www.perustele.fi\/wp-content\/uploads\/2022\/08\/GUV3050-2-150x150.png 150w, https:\/\/www.perustele.fi\/wp-content\/uploads\/2022\/08\/GUV3050-2-768x768.png 768w, https:\/\/www.perustele.fi\/wp-content\/uploads\/2022\/08\/GUV3050-2-1536x1536.png 1536w, https:\/\/www.perustele.fi\/wp-content\/uploads\/2022\/08\/GUV3050-2-140x140.png 140w, https:\/\/www.perustele.fi\/wp-content\/uploads\/2022\/08\/GUV3050-2-370x370.png 370w, https:\/\/www.perustele.fi\/wp-content\/uploads\/2022\/08\/GUV3050-2-1200x1200.png 1200w, https:\/\/www.perustele.fi\/wp-content\/uploads\/2022\/08\/GUV3050-2.png 2000w\" sizes=\"auto, (max-width: 300px) 100vw, 300px\" \/><span style=\"color: #000000;\"><strong>KUULOKKEET<\/strong><\/span><\/p>\n<p>Et\u00e4ty\u00f6ntekij\u00f6ille, callcenterille ja muihin kiireisiin ymp\u00e4rist\u00f6ihin suunnitellut GUV-sarjan kuulokkeet ovat HD-USB-kuulokkeita, jotka yhdistet\u00e4\u00e4n kannettavien tietokoneiden, tietokoneiden, IP-puhelimien ja muiden laitteiden kanssa korkealaatuisen \u00e4\u00e4nen tuottamiseksi. N\u00e4iss\u00e4 USB-kuulokkeissa on melunvaimennusmikrofoni, joka minimoi taustamelun ja tarjoaa ter\u00e4v\u00e4n HD-\u00e4\u00e4nen ja mukavuuden koko p\u00e4iv\u00e4n ajan. GUV-sarja tarjoaa mielenrauhaa, koska se on yhteensopiva kaikkien t\u00e4rkeimpien kolmansien osapuolien viestint\u00e4alustojen, sovellusten ja ohjelmistopuhelimien kanssa.[\/vc_column_text][\/vc_column][vc_column width=&#8221;1\/4&#8243;][vc_column_text]<\/p>\n<p style=\"text-align: center;\"><img loading=\"lazy\" decoding=\"async\" class=\"aligncenter size-medium wp-image-2812\" src=\"https:\/\/www.perustele.fi\/wp-content\/uploads\/2022\/08\/GVC3210_left_remote_1-300x187.jpg\" alt=\"\" width=\"300\" height=\"187\" data-wp-pid=\"2812\" srcset=\"https:\/\/www.perustele.fi\/wp-content\/uploads\/2022\/08\/GVC3210_left_remote_1-300x187.jpg 300w, https:\/\/www.perustele.fi\/wp-content\/uploads\/2022\/08\/GVC3210_left_remote_1-1024x638.jpg 1024w, https:\/\/www.perustele.fi\/wp-content\/uploads\/2022\/08\/GVC3210_left_remote_1-768x479.jpg 768w, https:\/\/www.perustele.fi\/wp-content\/uploads\/2022\/08\/GVC3210_left_remote_1.jpg 1245w\" sizes=\"auto, (max-width: 300px) 100vw, 300px\" \/><\/p>\n<p>&nbsp;<\/p>\n<p>&nbsp;<\/p>\n<p style=\"text-align: center;\"><span style=\"color: #000000;\"><strong>KONFERENSSITUOTTEET<\/strong><\/span><\/p>\n<p>Vie kokoukset ja yhteisty\u00f6 uudelle tasolle video- ja \u00e4\u00e4nineuvotteluratkaisuilla. Grandstream tarjoaa neuvotteluratkaisuja, jotka voidaan ottaa k\u00e4ytt\u00f6\u00f6n miss\u00e4 tahansa verkossa[\/vc_column_text][\/vc_column][\/vc_row]<\/p>\n<\/section>","protected":false},"excerpt":{"rendered":"<p>[vc_row][vc_column width=&#8221;1\/4&#8243;][vc_column_text] LANGATTOMAT TUKIASEMAT Grandstreamin tehokkaat Wi-Fi-tukiasemat tarjoavat korkean suorituskyvyn verkostoitumista, valtavan Wi-Fi-kattavuusalueen, nopean ja helpon hallinnan\/hallinnan sis\u00e4\u00e4nrakennetun ohjaimen, erinomaisen verkon suorituskyvyn ja tuen suurelle m\u00e4\u00e4r\u00e4lle k\u00e4ytt\u00e4ji\u00e4 tukiasemaa kohti. Tukiasemat voidaan yhdist\u00e4\u00e4 my\u00f6s kolmansien osapuolten reitittimien, ja olemassa olevien Wi-Fi-verkkojen kanssa, joten ne ovat ihanteellisia sek\u00e4 uusille ett\u00e4 olemassa oleville Wi-Fi-asennuksille.[\/vc_column_text][\/vc_column][vc_column width=&#8221;1\/4&#8243;][vc_column_text] KULUNVALVONTATUOTTEITA Turvallisuus, suojaus [&hellip;]<\/p>\n","protected":false},"author":1,"featured_media":0,"parent":0,"menu_order":0,"comment_status":"closed","ping_status":"closed","template":"","meta":{"footnotes":""},"class_list":["post-2796","page","type-page","status-publish","hentry"],"_links":{"self":[{"href":"https:\/\/www.perustele.fi\/index.php\/wp-json\/wp\/v2\/pages\/2796","targetHints":{"allow":["GET"]}}],"collection":[{"href":"https:\/\/www.perustele.fi\/index.php\/wp-json\/wp\/v2\/pages"}],"about":[{"href":"https:\/\/www.perustele.fi\/index.php\/wp-json\/wp\/v2\/types\/page"}],"author":[{"embeddable":true,"href":"https:\/\/www.perustele.fi\/index.php\/wp-json\/wp\/v2\/users\/1"}],"replies":[{"embeddable":true,"href":"https:\/\/www.perustele.fi\/index.php\/wp-json\/wp\/v2\/comments?post=2796"}],"version-history":[{"count":14,"href":"https:\/\/www.perustele.fi\/index.php\/wp-json\/wp\/v2\/pages\/2796\/revisions"}],"predecessor-version":[{"id":2813,"href":"https:\/\/www.perustele.fi\/index.php\/wp-json\/wp\/v2\/pages\/2796\/revisions\/2813"}],"wp:attachment":[{"href":"https:\/\/www.perustele.fi\/index.php\/wp-json\/wp\/v2\/media?parent=2796"}],"curies":[{"name":"wp","href":"https:\/\/api.w.org\/{rel}","templated":true}]}}